{"id":4331,"date":"2017-05-24T13:10:53","date_gmt":"2017-05-24T13:10:53","guid":{"rendered":"http:\/\/ld-wp.template-help.com\/tf\/bryte\/default-sample\/?page_id=4331"},"modified":"2026-04-22T21:15:13","modified_gmt":"2026-04-22T21:15:13","slug":"about-me","status":"publish","type":"page","link":"https:\/\/samktg.com\/es\/about-me\/","title":{"rendered":"Sobre m\u00ed"},"content":{"rendered":"<div data-elementor-type=\"wp-page\" data-elementor-id=\"4331\" class=\"elementor elementor-4331\" data-elementor-post-type=\"page\">\n\t\t\t\t<div class=\"elementor-element elementor-element-479ce5c e-flex e-con-boxed e-con e-parent\" data-id=\"479ce5c\" data-element_type=\"container\" data-e-type=\"container\" data-settings=\"{&quot;background_background&quot;:&quot;classic&quot;}\">\n\t\t\t\t\t<div class=\"e-con-inner\">\n\t\t<div class=\"elementor-element elementor-element-49746ee e-con-full e-flex e-con e-child\" data-id=\"49746ee\" data-element_type=\"container\" data-e-type=\"container\">\n\t\t<div class=\"elementor-element elementor-element-5f2b713 e-con-full e-flex e-con e-child\" data-id=\"5f2b713\" data-element_type=\"container\" data-e-type=\"container\" data-settings=\"{&quot;background_background&quot;:&quot;classic&quot;}\">\n\t\t\t\t\t\t\t\n\t\t<img loading=\"lazy\" class=\"e-image-base\" \n\t\t\t\t\tdata-interaction-id=\"d4a8c05\" \n\t\t \n\t\t \n\t\t\t\t\t\t\t\t\tid=\"9869\"\n\t\t\t\t\t\t\t\t\t\t\t\tsrc=\"https:\/\/samktg.com\/wp-content\/uploads\/2026\/04\/Copy-of-Website-New-Cover-Picture-600-x-700-px.png\"\n\t\t\t\t\t\t\t\t\t\t\t\twidth=\"700\"\n\t\t\t\t\t\t\t\t\t\t\t\theight=\"600\"\n\t\t\t\t\t\t\t\t\t\t\t\tsrcset=\"https:\/\/samktg.com\/wp-content\/uploads\/2026\/04\/Copy-of-Website-New-Cover-Picture-600-x-700-px.png 700w, https:\/\/samktg.com\/wp-content\/uploads\/2026\/04\/Copy-of-Website-New-Cover-Picture-600-x-700-px-300x257.png 300w, https:\/\/samktg.com\/wp-content\/uploads\/2026\/04\/Copy-of-Website-New-Cover-Picture-600-x-700-px-14x12.png 14w, https:\/\/samktg.com\/wp-content\/uploads\/2026\/04\/Copy-of-Website-New-Cover-Picture-600-x-700-px-418x358.png 418w\"\n\t\t\t\t\t\t\t\t\t\t\t\talt=\"\"\n\t\t\t\t\t\t\/>\n\t\t\t\t\t<\/div>\n\t\t<div class=\"elementor-element elementor-element-b00e51e e-con-full e-flex e-con e-child\" data-id=\"b00e51e\" data-element_type=\"container\" data-e-type=\"container\">\n\t\t\t\t<div class=\"elementor-element elementor-element-8f89f22 elementor-widget__width-auto elementor-widget elementor-widget-text-editor\" data-id=\"8f89f22\" data-element_type=\"widget\" data-e-type=\"widget\" data-widget_type=\"text-editor.default\">\n\t\t\t\t\t\t\t\t\t<p>\u2713 Con sede en \u00c1msterdam \u00b7 Disponible en todo el mundo<\/p>\t\t\t\t\t\t\t\t<\/div>\n\t\t\t\t<div class=\"elementor-element elementor-element-4108ace elementor-widget elementor-widget-heading\" data-id=\"4108ace\" data-element_type=\"widget\" data-e-type=\"widget\" data-widget_type=\"heading.default\">\n\t\t\t\t\t<h2 class=\"elementor-heading-title elementor-size-default\">Hola, soy Sam.<\/h2>\t\t\t\t<\/div>\n\t\t\t\t<div class=\"elementor-element elementor-element-9935591 elementor-widget__width-initial elementor-widget elementor-widget-text-editor\" data-id=\"9935591\" data-element_type=\"widget\" data-e-type=\"widget\" data-widget_type=\"text-editor.default\">\n\t\t\t\t\t\t\t\t\t<p>Soy un consultor independiente de medios pagados que ayuda a PyMEs, marcas de comercio electr\u00f3nico y startups a ejecutar anuncios en Google, Meta y TikTok que realmente generan ROI, sin el sobreprecio de una agencia.<\/p><p>With over 7 years managing ad spend for brands like Nike, Jack Daniel&#8217;s Whiskey, Pearson English, Gaytravel.com and more I bring enterprise-level expertise to growing businesses.<\/p>\t\t\t\t\t\t\t\t<\/div>\n\t\t\t\t<div class=\"elementor-element elementor-element-fb38a5a elementor-widget elementor-widget-button\" data-id=\"fb38a5a\" data-element_type=\"widget\" data-e-type=\"widget\" data-widget_type=\"button.default\">\n\t\t\t\t\t\t\t\t\t\t<a class=\"elementor-button elementor-button-link elementor-size-sm\" href=\"\/es\/contact-free-consultation-today\/\">\n\t\t\t\t\t\t<span class=\"elementor-button-content-wrapper\">\n\t\t\t\t\t\t\t\t\t<span class=\"elementor-button-text\">Reserva una llamada gratuita<\/span>\n\t\t\t\t\t<\/span>\n\t\t\t\t\t<\/a>\n\t\t\t\t\t\t\t\t<\/div>\n\t\t\t\t<\/div>\n\t\t\t\t<\/div>\n\t\t\t\t\t<\/div>\n\t\t\t\t<\/div>\n\t\t<div class=\"elementor-element elementor-element-2ecc430 e-flex e-con-boxed e-con e-parent\" data-id=\"2ecc430\" data-element_type=\"container\" data-e-type=\"container\" data-settings=\"{&quot;background_background&quot;:&quot;classic&quot;}\">\n\t\t\t\t\t<div class=\"e-con-inner\">\n\t\t<div class=\"elementor-element elementor-element-3809d07 e-con-full e-flex e-con e-child\" data-id=\"3809d07\" data-element_type=\"container\" data-e-type=\"container\">\n\t\t\t\t<div class=\"elementor-element elementor-element-df5bc7b elementor-widget__width-inherit elementor-widget elementor-widget-text-editor\" data-id=\"df5bc7b\" data-element_type=\"widget\" data-e-type=\"widget\" data-widget_type=\"text-editor.default\">\n\t\t\t\t\t\t\t\t\t<div class=\"eyebrow\">Mi historia<\/div>\t\t\t\t\t\t\t\t<\/div>\n\t\t\t\t<div class=\"elementor-element elementor-element-b1dc1c7 elementor-widget elementor-widget-heading\" data-id=\"b1dc1c7\" data-element_type=\"widget\" data-e-type=\"widget\" data-widget_type=\"heading.default\">\n\t\t\t\t\t<h2 class=\"elementor-heading-title elementor-size-default\">Por qu\u00e9 hago esto<\/h2>\t\t\t\t<\/div>\n\t\t\t\t<div class=\"elementor-element elementor-element-0110efe elementor-widget__width-initial elementor-widget elementor-widget-text-editor\" data-id=\"0110efe\" data-element_type=\"widget\" data-e-type=\"widget\" data-widget_type=\"text-editor.default\">\n\t\t\t\t\t\t\t\t\t<div class=\"sub\">Comenc\u00e9 SAMKTG porque vi que demasiadas peque\u00f1as empresas eran estafadas por agencias que cobraban tarifas premium pero entregaban talento junior y resultados poco transparentes. Habiendo trabajado en el lado de la agencia gestionando millones en gasto publicitario para marcas globales, decid\u00ed llevar esa experiencia directamente a las empresas que m\u00e1s la necesitan.<\/div><div class=\"sub\">\u00a0<\/div><div class=\"sub\">Me especializo en Google Ads, Meta Ads y TikTok Ads. Tengo una certificaci\u00f3n de Google Partner y he gestionado campa\u00f1as en los sectores de comercio electr\u00f3nico, hoteler\u00eda, educaci\u00f3n, moda y B2B.<\/div>\t\t\t\t\t\t\t\t<\/div>\n\t\t\t\t<\/div>\n\t\t\t\t\t<\/div>\n\t\t\t\t<\/div>\n\t\t<div class=\"elementor-element elementor-element-d695d02 e-flex e-con-boxed e-con e-parent\" data-id=\"d695d02\" data-element_type=\"container\" data-e-type=\"container\" data-settings=\"{&quot;background_background&quot;:&quot;classic&quot;}\">\n\t\t\t\t\t<div class=\"e-con-inner\">\n\t\t\t\t<div class=\"elementor-element elementor-element-3e74222 elementor-widget__width-inherit elementor-widget elementor-widget-text-editor\" data-id=\"3e74222\" data-element_type=\"widget\" data-e-type=\"widget\" data-widget_type=\"text-editor.default\">\n\t\t\t\t\t\t\t\t\t<div class=\"eyebrow\"><div class=\"eyebrow\">Por los n\u00fameros<\/div><\/div>\t\t\t\t\t\t\t\t<\/div>\n\t\t\t\t<div class=\"elementor-element elementor-element-685b83f elementor-widget elementor-widget-heading\" data-id=\"685b83f\" data-element_type=\"widget\" data-e-type=\"widget\" data-widget_type=\"heading.default\">\n\t\t\t\t\t<h2 class=\"elementor-heading-title elementor-size-default\">7 a\u00f1os. Resultados reales.\n<\/h2>\t\t\t\t<\/div>\n\t\t<div class=\"elementor-element elementor-element-d4bb738 e-con-full e-flex e-con e-child\" data-id=\"d4bb738\" data-element_type=\"container\" data-e-type=\"container\">\n\t\t<div class=\"elementor-element elementor-element-7ce5f4f e-con-full e-flex e-con e-child\" data-id=\"7ce5f4f\" data-element_type=\"container\" data-e-type=\"container\">\n\t\t\t\t<div class=\"elementor-element elementor-element-9378c5a elementor-widget elementor-widget-counter\" data-id=\"9378c5a\" data-element_type=\"widget\" data-e-type=\"widget\" data-widget_type=\"counter.default\">\n\t\t\t\t\t\t\t<div class=\"elementor-counter\">\n\t\t\t<div class=\"elementor-counter-title\">A\u00f1os de experiencia<\/div>\t\t\t<div class=\"elementor-counter-number-wrapper\">\n\t\t\t\t<span class=\"elementor-counter-number-prefix\"><\/span>\n\t\t\t\t<span class=\"elementor-counter-number\" data-duration=\"2000\" data-to-value=\"7\" data-from-value=\"7\">7<\/span>\n\t\t\t\t<span class=\"elementor-counter-number-suffix\">+<\/span>\n\t\t\t<\/div>\n\t\t<\/div>\n\t\t\t\t\t\t<\/div>\n\t\t\t\t<\/div>\n\t\t<div class=\"elementor-element elementor-element-f36616e e-con-full e-flex e-con e-child\" data-id=\"f36616e\" data-element_type=\"container\" data-e-type=\"container\">\n\t\t\t\t<div class=\"elementor-element elementor-element-7dcb8ca elementor-widget elementor-widget-counter\" data-id=\"7dcb8ca\" data-element_type=\"widget\" data-e-type=\"widget\" data-widget_type=\"counter.default\">\n\t\t\t\t\t\t\t<div class=\"elementor-counter\">\n\t\t\t<div class=\"elementor-counter-title\">A\u00f1os de experiencia<\/div>\t\t\t<div class=\"elementor-counter-number-wrapper\">\n\t\t\t\t<span class=\"elementor-counter-number-prefix\"><\/span>\n\t\t\t\t<span class=\"elementor-counter-number\" data-duration=\"2000\" data-to-value=\"50\" data-from-value=\"\"><\/span>\n\t\t\t\t<span class=\"elementor-counter-number-suffix\">+<\/span>\n\t\t\t<\/div>\n\t\t<\/div>\n\t\t\t\t\t\t<\/div>\n\t\t\t\t<\/div>\n\t\t<div class=\"elementor-element elementor-element-41cbff8 e-con-full e-flex e-con e-child\" data-id=\"41cbff8\" data-element_type=\"container\" data-e-type=\"container\">\n\t\t\t\t<div class=\"elementor-element elementor-element-4cd35f7 elementor-widget elementor-widget-counter\" data-id=\"4cd35f7\" data-element_type=\"widget\" data-e-type=\"widget\" data-widget_type=\"counter.default\">\n\t\t\t\t\t\t\t<div class=\"elementor-counter\">\n\t\t\t<div class=\"elementor-counter-title\">Gasto publicitario gestionado<\/div>\t\t\t<div class=\"elementor-counter-number-wrapper\">\n\t\t\t\t<span class=\"elementor-counter-number-prefix\">\u20ac<\/span>\n\t\t\t\t<span class=\"elementor-counter-number\" data-duration=\"\" data-to-value=\"2\" data-from-value=\"0\" data-delimiter=\",\">0<\/span>\n\t\t\t\t<span class=\"elementor-counter-number-suffix\">M+<\/span>\n\t\t\t<\/div>\n\t\t<\/div>\n\t\t\t\t\t\t<\/div>\n\t\t\t\t<\/div>\n\t\t<div class=\"elementor-element elementor-element-575f16b e-con-full e-flex e-con e-child\" data-id=\"575f16b\" data-element_type=\"container\" data-e-type=\"container\">\n\t\t\t\t<div class=\"elementor-element elementor-element-3c750c9 elementor-widget elementor-widget-counter\" data-id=\"3c750c9\" data-element_type=\"widget\" data-e-type=\"widget\" data-widget_type=\"counter.default\">\n\t\t\t\t\t\t\t<div class=\"elementor-counter\">\n\t\t\t<div class=\"elementor-counter-title\">Valoraci\u00f3n de Google<\/div>\t\t\t<div class=\"elementor-counter-number-wrapper\">\n\t\t\t\t<span class=\"elementor-counter-number-prefix\"><\/span>\n\t\t\t\t<span class=\"elementor-counter-number\" data-duration=\"2000\" data-to-value=\"4.9\" data-from-value=\"0\">0<\/span>\n\t\t\t\t<span class=\"elementor-counter-number-suffix\">\u2605<\/span>\n\t\t\t<\/div>\n\t\t<\/div>\n\t\t\t\t\t\t<\/div>\n\t\t\t\t<\/div>\n\t\t\t\t<\/div>\n\t\t\t\t\t<\/div>\n\t\t\t\t<\/div>\n\t\t<div class=\"elementor-element elementor-element-f012dcb e-flex e-con-boxed e-con e-parent\" data-id=\"f012dcb\" data-element_type=\"container\" data-e-type=\"container\" data-settings=\"{&quot;background_background&quot;:&quot;classic&quot;}\">\n\t\t\t\t\t<div class=\"e-con-inner\">\n\t\t<div class=\"elementor-element elementor-element-19eda05 e-con-full e-flex e-con e-child\" data-id=\"19eda05\" data-element_type=\"container\" data-e-type=\"container\">\n\t\t<div class=\"elementor-element elementor-element-c96327e e-con-full e-flex e-con e-child\" data-id=\"c96327e\" data-element_type=\"container\" data-e-type=\"container\">\n\t\t\t\t<div class=\"elementor-element elementor-element-53623ab elementor-widget elementor-widget-heading\" data-id=\"53623ab\" data-element_type=\"widget\" data-e-type=\"widget\" data-widget_type=\"heading.default\">\n\t\t\t\t\t<h2 class=\"elementor-heading-title elementor-size-default\">\u00bfQuieren trabajar juntos?<\/h2>\t\t\t\t<\/div>\n\t\t\t\t<div class=\"elementor-element elementor-element-e2c0123 elementor-widget__width-inherit elementor-widget elementor-widget-text-editor\" data-id=\"e2c0123\" data-element_type=\"widget\" data-e-type=\"widget\" data-widget_type=\"text-editor.default\">\n\t\t\t\t\t\t\t\t\t<div class=\"eyebrow\"><div class=\"eyebrow\"><div><div class=\"ctas\">Tengamos una charla sin compromiso sobre tus anuncios.<\/div><\/div><\/div><\/div>\t\t\t\t\t\t\t\t<\/div>\n\t\t\t\t<\/div>\n\t\t<div class=\"elementor-element elementor-element-0a42021 e-con-full e-flex e-con e-child\" data-id=\"0a42021\" data-element_type=\"container\" data-e-type=\"container\">\n\t\t\t\t<div class=\"elementor-element elementor-element-51af2a3 elementor-widget elementor-widget-button\" data-id=\"51af2a3\" data-element_type=\"widget\" data-e-type=\"widget\" data-widget_type=\"button.default\">\n\t\t\t\t\t\t\t\t\t\t<a class=\"elementor-button elementor-button-link elementor-size-sm\" href=\"\/es\/contact-free-consultation-today\/\">\n\t\t\t\t\t\t<span class=\"elementor-button-content-wrapper\">\n\t\t\t\t\t\t\t\t\t<span class=\"elementor-button-text\">Reserva una llamada gratuita<\/span>\n\t\t\t\t\t<\/span>\n\t\t\t\t\t<\/a>\n\t\t\t\t\t\t\t\t<\/div>\n\t\t\t\t<\/div>\n\t\t\t\t<\/div>\n\t\t\t\t\t<\/div>\n\t\t\t\t<\/div>\n\t\t\t\t<\/div>","protected":false},"excerpt":{"rendered":"<p>\u2713 Based in Amsterdam \u00b7 Available worldwide Hi, I&#8217;m Sam. I&#8217;m an independent paid media consultant helping SMEs, e-commerce brands, and startups run Google, Meta, and TikTok ads that actually deliver ROI \u2014 without the agency markup. With over 7 years managing ad spend for brands like Nike, Jack Daniel&#8217;s Whiskey, Pearson English, Gaytravel.com and &hellip;<\/p>","protected":false},"author":1,"featured_media":6087,"parent":0,"menu_order":0,"comment_status":"closed","ping_status":"closed","template":"","meta":{"nf_dc_page":"","footnotes":""},"class_list":["post-4331","page","type-page","status-publish","has-post-thumbnail","hentry","has-thumb"],"yoast_head":"<!-- This site is optimized with the Yoast SEO Premium plugin v27.3 (Yoast SEO v27.4) - https:\/\/yoast.com\/product\/yoast-seo-premium-wordpress\/ -->\n<title>About Sam Barreto \u2014 Freelance Google Ads Consultant Amsterdam<\/title>\n<meta name=\"description\" content=\"Google Certified Partner with 7+ years managing paid media for brands Nike, Jack Daniel&#039;s &amp; TOMS. Based in Amsterdam, serving clients across Europe.\" \/>\n<meta name=\"robots\" content=\"index, follow, max-snippet:-1, max-image-preview:large, max-video-preview:-1\" \/>\n<link rel=\"canonical\" href=\"https:\/\/samktg.com\/es\/about-me\/\" \/>\n<meta property=\"og:locale\" content=\"es_ES\" \/>\n<meta property=\"og:type\" content=\"article\" \/>\n<meta property=\"og:title\" content=\"About me\" \/>\n<meta property=\"og:description\" content=\"Google Certified Partner with 7+ years managing paid media for brands Nike, Jack Daniel&#039;s &amp; TOMS. Based in Amsterdam, serving clients across Europe.\" \/>\n<meta property=\"og:url\" content=\"https:\/\/samktg.com\/es\/about-me\/\" \/>\n<meta property=\"og:site_name\" content=\"Google Ads Freelancer Amsterdam\" \/>\n<meta property=\"article:publisher\" content=\"https:\/\/www.facebook.com\/samktgsocialmedia\" \/>\n<meta property=\"article:modified_time\" content=\"2026-04-22T21:15:13+00:00\" \/>\n<meta property=\"og:image\" content=\"https:\/\/samktg.com\/wp-content\/uploads\/2020\/05\/SAMKTG-Website.png\" \/>\n\t<meta property=\"og:image:width\" content=\"200\" \/>\n\t<meta property=\"og:image:height\" content=\"200\" \/>\n\t<meta property=\"og:image:type\" content=\"image\/png\" \/>\n<meta name=\"twitter:card\" content=\"summary_large_image\" \/>\n<meta name=\"twitter:label1\" content=\"Tiempo de lectura\" \/>\n\t<meta name=\"twitter:data1\" content=\"1 minuto\" \/>\n<script type=\"application\/ld+json\" class=\"yoast-schema-graph\">{\"@context\":\"https:\\\/\\\/schema.org\",\"@graph\":[{\"@type\":\"WebPage\",\"@id\":\"https:\\\/\\\/samktg.com\\\/about-me\\\/\",\"url\":\"https:\\\/\\\/samktg.com\\\/about-me\\\/\",\"name\":\"About Sam Barreto \u2014 Freelance Google Ads Consultant Amsterdam\",\"isPartOf\":{\"@id\":\"https:\\\/\\\/samktg.com\\\/#website\"},\"primaryImageOfPage\":{\"@id\":\"https:\\\/\\\/samktg.com\\\/about-me\\\/#primaryimage\"},\"image\":{\"@id\":\"https:\\\/\\\/samktg.com\\\/about-me\\\/#primaryimage\"},\"thumbnailUrl\":\"https:\\\/\\\/samktg.com\\\/wp-content\\\/uploads\\\/2020\\\/05\\\/SAMKTG-Website.png\",\"datePublished\":\"2017-05-24T13:10:53+00:00\",\"dateModified\":\"2026-04-22T21:15:13+00:00\",\"description\":\"Google Certified Partner with 7+ years managing paid media for brands Nike, Jack Daniel's & TOMS. Based in Amsterdam, serving clients across Europe.\",\"inLanguage\":\"es-CO\",\"potentialAction\":[{\"@type\":\"ReadAction\",\"target\":[\"https:\\\/\\\/samktg.com\\\/about-me\\\/\"]}]},{\"@type\":\"ImageObject\",\"inLanguage\":\"es-CO\",\"@id\":\"https:\\\/\\\/samktg.com\\\/about-me\\\/#primaryimage\",\"url\":\"https:\\\/\\\/samktg.com\\\/wp-content\\\/uploads\\\/2020\\\/05\\\/SAMKTG-Website.png\",\"contentUrl\":\"https:\\\/\\\/samktg.com\\\/wp-content\\\/uploads\\\/2020\\\/05\\\/SAMKTG-Website.png\",\"width\":200,\"height\":200,\"caption\":\"Picture of sam, a freelance google ads and facebook ads expert\"},{\"@type\":\"WebSite\",\"@id\":\"https:\\\/\\\/samktg.com\\\/#website\",\"url\":\"https:\\\/\\\/samktg.com\\\/\",\"name\":\"Google Ads Freelancer Amsterdam\",\"description\":\"Sam is a certified Google Ads Partner in Amsterdam\",\"publisher\":{\"@id\":\"https:\\\/\\\/samktg.com\\\/#organization\"},\"potentialAction\":[{\"@type\":\"SearchAction\",\"target\":{\"@type\":\"EntryPoint\",\"urlTemplate\":\"https:\\\/\\\/samktg.com\\\/?s={search_term_string}\"},\"query-input\":{\"@type\":\"PropertyValueSpecification\",\"valueRequired\":true,\"valueName\":\"search_term_string\"}}],\"inLanguage\":\"es-CO\"},{\"@type\":\"Organization\",\"@id\":\"https:\\\/\\\/samktg.com\\\/#organization\",\"name\":\"Google Ads Freelancer Amsterdam\",\"url\":\"https:\\\/\\\/samktg.com\\\/\",\"logo\":{\"@type\":\"ImageObject\",\"inLanguage\":\"es-CO\",\"@id\":\"https:\\\/\\\/samktg.com\\\/#\\\/schema\\\/logo\\\/image\\\/\",\"url\":\"https:\\\/\\\/samktg.com\\\/wp-content\\\/uploads\\\/2020\\\/05\\\/5-1.png\",\"contentUrl\":\"https:\\\/\\\/samktg.com\\\/wp-content\\\/uploads\\\/2020\\\/05\\\/5-1.png\",\"width\":409,\"height\":153,\"caption\":\"Google Ads Freelancer Amsterdam\"},\"image\":{\"@id\":\"https:\\\/\\\/samktg.com\\\/#\\\/schema\\\/logo\\\/image\\\/\"},\"sameAs\":[\"https:\\\/\\\/www.facebook.com\\\/samktgsocialmedia\"]}]}<\/script>\n<!-- \/ Yoast SEO Premium plugin. -->","yoast_head_json":{"title":"About Sam Barreto \u2014 Freelance Google Ads Consultant Amsterdam","description":"Google Certified Partner with 7+ years managing paid media for brands Nike, Jack Daniel's & TOMS. Based in Amsterdam, serving clients across Europe.","robots":{"index":"index","follow":"follow","max-snippet":"max-snippet:-1","max-image-preview":"max-image-preview:large","max-video-preview":"max-video-preview:-1"},"canonical":"https:\/\/samktg.com\/es\/about-me\/","og_locale":"es_ES","og_type":"article","og_title":"About me","og_description":"Google Certified Partner with 7+ years managing paid media for brands Nike, Jack Daniel's & TOMS. Based in Amsterdam, serving clients across Europe.","og_url":"https:\/\/samktg.com\/es\/about-me\/","og_site_name":"Google Ads Freelancer Amsterdam","article_publisher":"https:\/\/www.facebook.com\/samktgsocialmedia","article_modified_time":"2026-04-22T21:15:13+00:00","og_image":[{"width":200,"height":200,"url":"https:\/\/samktg.com\/wp-content\/uploads\/2020\/05\/SAMKTG-Website.png","type":"image\/png"}],"twitter_card":"summary_large_image","twitter_misc":{"Tiempo de lectura":"1 minuto"},"schema":{"@context":"https:\/\/schema.org","@graph":[{"@type":"WebPage","@id":"https:\/\/samktg.com\/about-me\/","url":"https:\/\/samktg.com\/about-me\/","name":"About Sam Barreto \u2014 Freelance Google Ads Consultant Amsterdam","isPartOf":{"@id":"https:\/\/samktg.com\/#website"},"primaryImageOfPage":{"@id":"https:\/\/samktg.com\/about-me\/#primaryimage"},"image":{"@id":"https:\/\/samktg.com\/about-me\/#primaryimage"},"thumbnailUrl":"https:\/\/samktg.com\/wp-content\/uploads\/2020\/05\/SAMKTG-Website.png","datePublished":"2017-05-24T13:10:53+00:00","dateModified":"2026-04-22T21:15:13+00:00","description":"Google Certified Partner with 7+ years managing paid media for brands Nike, Jack Daniel's & TOMS. Based in Amsterdam, serving clients across Europe.","inLanguage":"es-CO","potentialAction":[{"@type":"ReadAction","target":["https:\/\/samktg.com\/about-me\/"]}]},{"@type":"ImageObject","inLanguage":"es-CO","@id":"https:\/\/samktg.com\/about-me\/#primaryimage","url":"https:\/\/samktg.com\/wp-content\/uploads\/2020\/05\/SAMKTG-Website.png","contentUrl":"https:\/\/samktg.com\/wp-content\/uploads\/2020\/05\/SAMKTG-Website.png","width":200,"height":200,"caption":"Picture of sam, a freelance google ads and facebook ads expert"},{"@type":"WebSite","@id":"https:\/\/samktg.com\/#website","url":"https:\/\/samktg.com\/","name":"Google Ads Freelancer Amsterdam","description":"Sam es socio certificado de Google Ads en \u00c1msterdam","publisher":{"@id":"https:\/\/samktg.com\/#organization"},"potentialAction":[{"@type":"SearchAction","target":{"@type":"EntryPoint","urlTemplate":"https:\/\/samktg.com\/?s={search_term_string}"},"query-input":{"@type":"PropertyValueSpecification","valueRequired":true,"valueName":"search_term_string"}}],"inLanguage":"es-CO"},{"@type":"Organization","@id":"https:\/\/samktg.com\/#organization","name":"Google Ads Freelancer Amsterdam","url":"https:\/\/samktg.com\/","logo":{"@type":"ImageObject","inLanguage":"es-CO","@id":"https:\/\/samktg.com\/#\/schema\/logo\/image\/","url":"https:\/\/samktg.com\/wp-content\/uploads\/2020\/05\/5-1.png","contentUrl":"https:\/\/samktg.com\/wp-content\/uploads\/2020\/05\/5-1.png","width":409,"height":153,"caption":"Google Ads Freelancer Amsterdam"},"image":{"@id":"https:\/\/samktg.com\/#\/schema\/logo\/image\/"},"sameAs":["https:\/\/www.facebook.com\/samktgsocialmedia"]}]}},"_links":{"self":[{"href":"https:\/\/samktg.com\/es\/wp-json\/wp\/v2\/pages\/4331","targetHints":{"allow":["GET"]}}],"collection":[{"href":"https:\/\/samktg.com\/es\/wp-json\/wp\/v2\/pages"}],"about":[{"href":"https:\/\/samktg.com\/es\/wp-json\/wp\/v2\/types\/page"}],"author":[{"embeddable":true,"href":"https:\/\/samktg.com\/es\/wp-json\/wp\/v2\/users\/1"}],"replies":[{"embeddable":true,"href":"https:\/\/samktg.com\/es\/wp-json\/wp\/v2\/comments?post=4331"}],"version-history":[{"count":5,"href":"https:\/\/samktg.com\/es\/wp-json\/wp\/v2\/pages\/4331\/revisions"}],"predecessor-version":[{"id":9893,"href":"https:\/\/samktg.com\/es\/wp-json\/wp\/v2\/pages\/4331\/revisions\/9893"}],"wp:featuredmedia":[{"embeddable":true,"href":"https:\/\/samktg.com\/es\/wp-json\/wp\/v2\/media\/6087"}],"wp:attachment":[{"href":"https:\/\/samktg.com\/es\/wp-json\/wp\/v2\/media?parent=4331"}],"curies":[{"name":"wp","href":"https:\/\/api.w.org\/{rel}","templated":true}]}}