{"id":6219,"date":"2021-01-08T13:51:55","date_gmt":"2021-01-08T13:51:55","guid":{"rendered":"https:\/\/samktg.com\/?page_id=6219"},"modified":"2026-02-27T10:26:14","modified_gmt":"2026-02-27T10:26:14","slug":"cookie-policy","status":"publish","type":"page","link":"https:\/\/samktg.com\/es\/cookie-policy\/","title":{"rendered":"Pol\u00edtica de cookies"},"content":{"rendered":"<div data-elementor-type=\"wp-page\" data-elementor-id=\"6219\" class=\"elementor elementor-6219\" data-elementor-post-type=\"page\">\n\t\t\t\t\t\t<section class=\"elementor-section elementor-top-section elementor-element elementor-element-6311e591 elementor-section-boxed elementor-section-height-default elementor-section-height-default\" data-id=\"6311e591\" data-element_type=\"section\" data-e-type=\"section\">\n\t\t\t\t\t\t<div class=\"elementor-container elementor-column-gap-default\">\n\t\t\t\t\t<div class=\"elementor-column elementor-col-100 elementor-top-column elementor-element elementor-element-5d48e91a\" data-id=\"5d48e91a\" data-element_type=\"column\" data-e-type=\"column\">\n\t\t\t<div class=\"elementor-widget-wrap elementor-element-populated\">\n\t\t\t\t\t\t<div class=\"elementor-element elementor-element-1a0e6465 elementor-widget elementor-widget-text-editor\" data-id=\"1a0e6465\" data-element_type=\"widget\" data-e-type=\"widget\" data-widget_type=\"text-editor.default\">\n\t\t\t\t\t\t\t\t\t<div class=\"cli_pg_page_contaner\"><h3>Pol\u00edtica de cookies<\/h3><div><p>samktg.com se compromete a proteger su privacidad en l\u00ednea.<\/p><h3>\u00bfQu\u00e9 informaci\u00f3n recopilamos?<\/h3><p>Recopilamos informaci\u00f3n sobre usted cuando visita nuestro sitio web. Al enviar o registrarse en nuestro sitio web, es posible que se le solicite que introduzca su nombre o direcci\u00f3n de correo electr\u00f3nico. No obstante, puede visitar nuestro sitio web de forma an\u00f3nima.<\/p><h3>\u00bfPara qu\u00e9 utilizamos su informaci\u00f3n?<\/h3><p>Cualquier informaci\u00f3n que recopilemos sobre usted podr\u00e1 utilizarse de alguna de las siguientes maneras: Para mejorar nuestro sitio web. Para mejorar el servicio al cliente.<\/p><h3>\u00bfC\u00f3mo protejo su informaci\u00f3n?<\/h3><p>Implementamos diversas medidas de seguridad para mantener la seguridad de su informaci\u00f3n personal cuando realiza un pedido o introduce, env\u00eda o accede a su informaci\u00f3n personal. Las cookies son peque\u00f1os archivos que un sitio web o su proveedor de servicios transfiere al disco duro de su computadora a trav\u00e9s de su navegador web (si usted lo permite) y que permiten a los sitios web o a los sistemas de los proveedores de servicios reconocer su navegador y capturar y recordar cierta informaci\u00f3n. Utilizamos cookies para comprender y guardar sus preferencias para futuras visitas.<\/p><h3>Pol\u00edtica de privacidad en l\u00ednea<\/h3><p>Esta pol\u00edtica de privacidad en l\u00ednea se aplica \u00fanicamente a la informaci\u00f3n recopilada a trav\u00e9s de nuestro sitio web y no a la informaci\u00f3n recopilada fuera de l\u00ednea. Cambios en nuestra pol\u00edtica de privacidad Si decidimos cambiar nuestra pol\u00edtica de privacidad, publicaremos dichos cambios en esta p\u00e1gina. Si tiene alguna pregunta o sugerencia sobre nuestra declaraci\u00f3n de pol\u00edtica de privacidad, p\u00f3ngase en contacto con nosotros y le responderemos lo antes posible.<\/p><\/div><div><h3>Informaci\u00f3n de contacto\u00a0<\/h3><p>Direcci\u00f3n postal: Winthontstraat 32, 1013BR, Amsterdam, Pa\u00edses Bajos <br \/>Tel\u00e9fono: 0638848023<br \/>Correo electr\u00f3nico de contacto: hello@samktg.com<\/p><\/div><\/div>\t\t\t\t\t\t\t\t<\/div>\n\t\t\t\t\t<\/div>\n\t\t<\/div>\n\t\t\t\t\t<\/div>\n\t\t<\/section>\n\t\t\t\t<\/div>","protected":false},"excerpt":{"rendered":"<p>Cookie policy samktg.com is committed to protecting your privacy online. What information do we collect? We collect information from you when you visit our site. When submitting or registering on our site, you may be asked to enter your: name or e-mail address. You may, however, visit our site anonymously. What do we use your &hellip;<\/p>","protected":false},"author":1,"featured_media":0,"parent":0,"menu_order":0,"comment_status":"closed","ping_status":"closed","template":"","meta":{"nf_dc_page":"","footnotes":""},"class_list":["post-6219","page","type-page","status-publish","hentry","no-thumb"],"yoast_head":"<!-- This site is optimized with the Yoast SEO Premium plugin v27.3 (Yoast SEO v27.4) - https:\/\/yoast.com\/product\/yoast-seo-premium-wordpress\/ -->\n<title>Cookie Policy | SAMKTG<\/title>\n<meta name=\"description\" content=\"Learn how SAMKTG uses cookies and similar tech, what\u2019s stored, and how you can manage preferences.\" \/>\n<meta name=\"robots\" content=\"index, follow, max-snippet:-1, max-image-preview:large, max-video-preview:-1\" \/>\n<link rel=\"canonical\" href=\"https:\/\/samktg.com\/es\/cookie-policy\/\" \/>\n<meta property=\"og:locale\" content=\"es_ES\" \/>\n<meta property=\"og:type\" content=\"article\" \/>\n<meta property=\"og:title\" content=\"Cookie Policy\" \/>\n<meta property=\"og:description\" content=\"Learn how SAMKTG uses cookies and similar tech, what\u2019s stored, and how you can manage preferences.\" \/>\n<meta property=\"og:url\" content=\"https:\/\/samktg.com\/es\/cookie-policy\/\" \/>\n<meta property=\"og:site_name\" content=\"Google Ads Freelancer Amsterdam\" \/>\n<meta property=\"article:publisher\" content=\"https:\/\/www.facebook.com\/samktgsocialmedia\" \/>\n<meta property=\"article:modified_time\" content=\"2026-02-27T10:26:14+00:00\" \/>\n<meta name=\"twitter:card\" content=\"summary_large_image\" \/>\n<meta name=\"twitter:label1\" content=\"Tiempo de lectura\" \/>\n\t<meta name=\"twitter:data1\" content=\"1 minuto\" \/>\n<script type=\"application\/ld+json\" class=\"yoast-schema-graph\">{\"@context\":\"https:\\\/\\\/schema.org\",\"@graph\":[{\"@type\":\"WebPage\",\"@id\":\"https:\\\/\\\/samktg.com\\\/cookie-policy\\\/\",\"url\":\"https:\\\/\\\/samktg.com\\\/cookie-policy\\\/\",\"name\":\"Cookie Policy | SAMKTG\",\"isPartOf\":{\"@id\":\"https:\\\/\\\/samktg.com\\\/#website\"},\"datePublished\":\"2021-01-08T13:51:55+00:00\",\"dateModified\":\"2026-02-27T10:26:14+00:00\",\"description\":\"Learn how SAMKTG uses cookies and similar tech, what\u2019s stored, and how you can manage preferences.\",\"inLanguage\":\"es-CO\",\"potentialAction\":[{\"@type\":\"ReadAction\",\"target\":[\"https:\\\/\\\/samktg.com\\\/cookie-policy\\\/\"]}]},{\"@type\":\"WebSite\",\"@id\":\"https:\\\/\\\/samktg.com\\\/#website\",\"url\":\"https:\\\/\\\/samktg.com\\\/\",\"name\":\"Google Ads Freelancer Amsterdam\",\"description\":\"Sam is a certified Google Ads Partner in Amsterdam\",\"publisher\":{\"@id\":\"https:\\\/\\\/samktg.com\\\/#organization\"},\"potentialAction\":[{\"@type\":\"SearchAction\",\"target\":{\"@type\":\"EntryPoint\",\"urlTemplate\":\"https:\\\/\\\/samktg.com\\\/?s={search_term_string}\"},\"query-input\":{\"@type\":\"PropertyValueSpecification\",\"valueRequired\":true,\"valueName\":\"search_term_string\"}}],\"inLanguage\":\"es-CO\"},{\"@type\":\"Organization\",\"@id\":\"https:\\\/\\\/samktg.com\\\/#organization\",\"name\":\"Google Ads Freelancer Amsterdam\",\"url\":\"https:\\\/\\\/samktg.com\\\/\",\"logo\":{\"@type\":\"ImageObject\",\"inLanguage\":\"es-CO\",\"@id\":\"https:\\\/\\\/samktg.com\\\/#\\\/schema\\\/logo\\\/image\\\/\",\"url\":\"https:\\\/\\\/samktg.com\\\/wp-content\\\/uploads\\\/2020\\\/05\\\/5-1.png\",\"contentUrl\":\"https:\\\/\\\/samktg.com\\\/wp-content\\\/uploads\\\/2020\\\/05\\\/5-1.png\",\"width\":409,\"height\":153,\"caption\":\"Google Ads Freelancer Amsterdam\"},\"image\":{\"@id\":\"https:\\\/\\\/samktg.com\\\/#\\\/schema\\\/logo\\\/image\\\/\"},\"sameAs\":[\"https:\\\/\\\/www.facebook.com\\\/samktgsocialmedia\"]}]}<\/script>\n<!-- \/ Yoast SEO Premium plugin. -->","yoast_head_json":{"title":"Cookie Policy | SAMKTG","description":"Learn how SAMKTG uses cookies and similar tech, what\u2019s stored, and how you can manage preferences.","robots":{"index":"index","follow":"follow","max-snippet":"max-snippet:-1","max-image-preview":"max-image-preview:large","max-video-preview":"max-video-preview:-1"},"canonical":"https:\/\/samktg.com\/es\/cookie-policy\/","og_locale":"es_ES","og_type":"article","og_title":"Cookie Policy","og_description":"Learn how SAMKTG uses cookies and similar tech, what\u2019s stored, and how you can manage preferences.","og_url":"https:\/\/samktg.com\/es\/cookie-policy\/","og_site_name":"Google Ads Freelancer Amsterdam","article_publisher":"https:\/\/www.facebook.com\/samktgsocialmedia","article_modified_time":"2026-02-27T10:26:14+00:00","twitter_card":"summary_large_image","twitter_misc":{"Tiempo de lectura":"1 minuto"},"schema":{"@context":"https:\/\/schema.org","@graph":[{"@type":"WebPage","@id":"https:\/\/samktg.com\/cookie-policy\/","url":"https:\/\/samktg.com\/cookie-policy\/","name":"Cookie Policy | SAMKTG","isPartOf":{"@id":"https:\/\/samktg.com\/#website"},"datePublished":"2021-01-08T13:51:55+00:00","dateModified":"2026-02-27T10:26:14+00:00","description":"Learn how SAMKTG uses cookies and similar tech, what\u2019s stored, and how you can manage preferences.","inLanguage":"es-CO","potentialAction":[{"@type":"ReadAction","target":["https:\/\/samktg.com\/cookie-policy\/"]}]},{"@type":"WebSite","@id":"https:\/\/samktg.com\/#website","url":"https:\/\/samktg.com\/","name":"Google Ads Freelancer Amsterdam","description":"Sam es socio certificado de Google Ads en \u00c1msterdam","publisher":{"@id":"https:\/\/samktg.com\/#organization"},"potentialAction":[{"@type":"SearchAction","target":{"@type":"EntryPoint","urlTemplate":"https:\/\/samktg.com\/?s={search_term_string}"},"query-input":{"@type":"PropertyValueSpecification","valueRequired":true,"valueName":"search_term_string"}}],"inLanguage":"es-CO"},{"@type":"Organization","@id":"https:\/\/samktg.com\/#organization","name":"Google Ads Freelancer Amsterdam","url":"https:\/\/samktg.com\/","logo":{"@type":"ImageObject","inLanguage":"es-CO","@id":"https:\/\/samktg.com\/#\/schema\/logo\/image\/","url":"https:\/\/samktg.com\/wp-content\/uploads\/2020\/05\/5-1.png","contentUrl":"https:\/\/samktg.com\/wp-content\/uploads\/2020\/05\/5-1.png","width":409,"height":153,"caption":"Google Ads Freelancer Amsterdam"},"image":{"@id":"https:\/\/samktg.com\/#\/schema\/logo\/image\/"},"sameAs":["https:\/\/www.facebook.com\/samktgsocialmedia"]}]}},"_links":{"self":[{"href":"https:\/\/samktg.com\/es\/wp-json\/wp\/v2\/pages\/6219","targetHints":{"allow":["GET"]}}],"collection":[{"href":"https:\/\/samktg.com\/es\/wp-json\/wp\/v2\/pages"}],"about":[{"href":"https:\/\/samktg.com\/es\/wp-json\/wp\/v2\/types\/page"}],"author":[{"embeddable":true,"href":"https:\/\/samktg.com\/es\/wp-json\/wp\/v2\/users\/1"}],"replies":[{"embeddable":true,"href":"https:\/\/samktg.com\/es\/wp-json\/wp\/v2\/comments?post=6219"}],"version-history":[{"count":5,"href":"https:\/\/samktg.com\/es\/wp-json\/wp\/v2\/pages\/6219\/revisions"}],"predecessor-version":[{"id":7227,"href":"https:\/\/samktg.com\/es\/wp-json\/wp\/v2\/pages\/6219\/revisions\/7227"}],"wp:attachment":[{"href":"https:\/\/samktg.com\/es\/wp-json\/wp\/v2\/media?parent=6219"}],"curies":[{"name":"wp","href":"https:\/\/api.w.org\/{rel}","templated":true}]}}