{"id":6752,"date":"2024-03-31T10:24:07","date_gmt":"2024-03-31T10:24:07","guid":{"rendered":"https:\/\/samktg.com\/terms-of-use\/"},"modified":"2024-03-31T10:24:07","modified_gmt":"2024-03-31T10:24:07","slug":"terms-of-use","status":"publish","type":"page","link":"https:\/\/samktg.com\/es\/terms-of-use\/","title":{"rendered":"Condiciones de uso"},"content":{"rendered":"<h1>Condiciones generales<\/h1>\n<p>Estas Condiciones regulan su acceso y uso de todo el contenido, Productos y Servicios disponibles en el sitio web https:\/\/samktg.com (el \"Servicio\") operado por Google Ads Freelancer (\"nosotros\" o \"nuestro\").<\/p>\n<p>Su acceso a nuestros servicios est\u00e1 sujeto a su aceptaci\u00f3n, sin modificaci\u00f3n alguna, de todos los t\u00e9rminos y condiciones aqu\u00ed contenidos y de todas las dem\u00e1s normas y pol\u00edticas de funcionamiento publicadas y que podamos publicar peri\u00f3dicamente.<\/p>\n<p>Por favor, lea atentamente el Acuerdo antes de acceder o utilizar nuestros Servicios. Al acceder o utilizar cualquier parte de nuestros Servicios, usted acepta quedar vinculado por estas Condiciones. Si no est\u00e1 de acuerdo con alguna parte de los t\u00e9rminos del Acuerdo, no podr\u00e1 acceder ni utilizar nuestros Servicios.<\/p>\n<h2>Propiedad intelectual<\/h2>\n<p>El Acuerdo no transfiere de Nosotros a Usted ninguna propiedad intelectual Nuestra o de terceros, y todos los derechos, t\u00edtulos e intereses sobre dicha propiedad permanecer\u00e1n (entre las partes) \u00fanicamente con Google Ads Freelancer y sus licenciantes.<\/p>\n<h3>Servicios de terceros<\/h3>\n<p>Al utilizar los Servicios, puede utilizar servicios, productos, software, incrustaciones o aplicaciones de terceros desarrollados por terceros (\"Servicios de terceros\").<\/p>\n<p>Si utiliza cualquier Servicio de Terceros, usted entiende que:<\/p>\n<ul>\n<li>Cualquier uso de un Servicio de Terceros corre por su cuenta y riesgo, y no seremos responsables ante nadie por los sitios web o Servicios de Terceros.<\/li>\n<li>Usted reconoce y acepta que no seremos responsables de cualquier da\u00f1o o p\u00e9rdida causada o supuestamente causada por o en conexi\u00f3n con el uso de cualquier contenido, bienes o servicios disponibles en o a trav\u00e9s de cualquiera de dichos sitios web o servicios.<\/li>\n<\/ul>\n<h2>Cuentas<\/h2>\n<p>Cuando el uso de cualquier parte de nuestros Servicios requiera una cuenta, usted se compromete a proporcionarnos informaci\u00f3n completa y precisa cuando se registre para obtener una cuenta.<\/p>\n<p>Usted ser\u00e1 el \u00fanico responsable de cualquier actividad que se produzca en su cuenta. Usted es responsable de mantener actualizada la informaci\u00f3n de su cuenta y de mantener segura su contrase\u00f1a.<\/p>\n<p>Usted es responsable de mantener la seguridad de la cuenta que utiliza para acceder al Servicio. No compartir\u00e1 ni utilizar\u00e1 indebidamente sus credenciales de acceso. Deber\u00e1 notificarnos inmediatamente cualquier uso no autorizado de su cuenta o cuando tenga conocimiento de cualquier otra violaci\u00f3n de la seguridad.<\/p>\n<h2>Terminaci\u00f3n<\/h2>\n<p>Podemos terminar o suspender su acceso a todos o parte de nuestros Servicios en cualquier momento, con o sin causa, con o sin previo aviso, con efecto inmediato.<\/p>\n<p>Si desea rescindir el Acuerdo o su cuenta de Google Ads Freelancer, simplemente puede dejar de utilizar nuestros Servicios.<\/p>\n<p>Todas las disposiciones del Contrato que, por su naturaleza, deban seguir vigentes tras la rescisi\u00f3n, seguir\u00e1n vigentes tras la rescisi\u00f3n, incluidas, entre otras, las disposiciones sobre propiedad, exclusi\u00f3n de garant\u00edas, indemnizaciones y limitaciones de responsabilidad.<\/p>\n<h2>Descargo de responsabilidad<\/h2>\n<p>Nuestros Servicios se proporcionan \"TAL CUAL\" y \"SEG\u00daN DISPONIBILIDAD\". Google Ads Freelancer y sus proveedores y licenciantes renuncian a todas las garant\u00edas de cualquier tipo, expresas o impl\u00edcitas, incluyendo, sin limitaci\u00f3n, las garant\u00edas de comerciabilidad, idoneidad para un prop\u00f3sito particular y no infracci\u00f3n. Ni Google Ads Freelancer, ni sus proveedores y licenciantes, garantizan que nuestros Servicios est\u00e9n libres de errores o que el acceso a los mismos sea continuo o ininterrumpido. Usted entiende que descarga de, u obtiene contenido o servicios a trav\u00e9s de, nuestros Servicios bajo su propia discreci\u00f3n y riesgo.<\/p>\n<h3>Jurisdicci\u00f3n y ley aplicable<\/h3>\n<p>Salvo en la medida en que la legislaci\u00f3n aplicable disponga lo contrario, el Contrato y cualquier acceso o uso de nuestros Servicios se regir\u00e1n por la legislaci\u00f3n de los Pa\u00edses Bajos.<\/p>\n<p>El lugar adecuado para cualquier disputa que surja de o est\u00e9 relacionada con el Acuerdo y cualquier acceso o uso de nuestros Servicios ser\u00e1n los tribunales estatales y federales ubicados en los Pa\u00edses Bajos.<\/p>\n<h2>Cambios<\/h2>\n<p>Google Ads Freelancer se reserva el derecho, a su entera discreci\u00f3n, de modificar o sustituir estas Condiciones en cualquier momento.<\/p>\n<p>Si introducimos cambios sustanciales, se lo haremos saber public\u00e1ndolos en nuestro sitio web o envi\u00e1ndole un correo electr\u00f3nico u otro tipo de comunicaci\u00f3n antes de que los cambios entren en vigor. En la notificaci\u00f3n se indicar\u00e1 un plazo razonable tras el cual entrar\u00e1n en vigor las nuevas condiciones.<\/p>\n<p>Si no est\u00e1 de acuerdo con nuestros cambios, deber\u00e1 dejar de utilizar nuestros Servicios dentro del plazo de notificaci\u00f3n designado, o una vez que los cambios entren en vigor.<\/p>\n<p>Su uso continuado de nuestros Servicios estar\u00e1 sujeto a los nuevos t\u00e9rminos.<\/p>","protected":false},"excerpt":{"rendered":"<p>T\u00e9rminos y Condiciones Estos T\u00e9rminos rigen su acceso y uso de todo el contenido, Productos y Servicios disponibles en el sitio web https:\/\/samktg.com (el \"Servicio\") operado por Google Ads Freelancer (\"nosotros\" o \"nuestro\"). Su acceso a nuestros servicios est\u00e1 sujeto a su aceptaci\u00f3n, sin modificaci\u00f3n, de todos los t\u00e9rminos y condiciones contenidos en este documento y ...<\/p>","protected":false},"author":1,"featured_media":0,"parent":0,"menu_order":0,"comment_status":"closed","ping_status":"closed","template":"","meta":{"nf_dc_page":"","footnotes":""},"class_list":["post-6752","page","type-page","status-publish","hentry","no-thumb"],"yoast_head":"<!-- This site is optimized with the Yoast SEO Premium plugin v27.3 (Yoast SEO v27.4) - https:\/\/yoast.com\/product\/yoast-seo-premium-wordpress\/ -->\n<title>Terms of Use | Google Ads Freelancer Amsterdam<\/title>\n<meta name=\"description\" content=\"I&#039;m a certified Google Ads Partner and Facebook Ads specialist with 6+ years of experience based in Amsterdam. Search, Shopping, Display and Youtuve ads for brands.\" \/>\n<meta name=\"robots\" content=\"index, follow, max-snippet:-1, max-image-preview:large, max-video-preview:-1\" \/>\n<link rel=\"canonical\" href=\"https:\/\/samktg.com\/es\/terms-of-use\/\" \/>\n<meta property=\"og:locale\" content=\"es_ES\" \/>\n<meta property=\"og:type\" content=\"article\" \/>\n<meta property=\"og:title\" content=\"Terms of Use\" \/>\n<meta property=\"og:description\" content=\"I&#039;m a certified Google Ads Partner and Facebook Ads specialist with 6+ years of experience based in Amsterdam. Search, Shopping, Display and Youtuve ads for brands.\" \/>\n<meta property=\"og:url\" content=\"https:\/\/samktg.com\/es\/terms-of-use\/\" \/>\n<meta property=\"og:site_name\" content=\"Google Ads Freelancer Amsterdam\" \/>\n<meta property=\"article:publisher\" content=\"https:\/\/www.facebook.com\/samktgsocialmedia\" \/>\n<meta name=\"twitter:card\" content=\"summary_large_image\" \/>\n<meta name=\"twitter:label1\" content=\"Tiempo de lectura\" \/>\n\t<meta name=\"twitter:data1\" content=\"4 minutos\" \/>\n<script type=\"application\/ld+json\" class=\"yoast-schema-graph\">{\"@context\":\"https:\\\/\\\/schema.org\",\"@graph\":[{\"@type\":\"WebPage\",\"@id\":\"https:\\\/\\\/samktg.com\\\/terms-of-use\\\/\",\"url\":\"https:\\\/\\\/samktg.com\\\/terms-of-use\\\/\",\"name\":\"Terms of Use | Google Ads Freelancer Amsterdam\",\"isPartOf\":{\"@id\":\"https:\\\/\\\/samktg.com\\\/#website\"},\"datePublished\":\"2024-03-31T10:24:07+00:00\",\"description\":\"I'm a certified Google Ads Partner and Facebook Ads specialist with 6+ years of experience based in Amsterdam. Search, Shopping, Display and Youtuve ads for brands.\",\"inLanguage\":\"es-CO\",\"potentialAction\":[{\"@type\":\"ReadAction\",\"target\":[\"https:\\\/\\\/samktg.com\\\/terms-of-use\\\/\"]}]},{\"@type\":\"WebSite\",\"@id\":\"https:\\\/\\\/samktg.com\\\/#website\",\"url\":\"https:\\\/\\\/samktg.com\\\/\",\"name\":\"Google Ads Freelancer Amsterdam\",\"description\":\"Sam is a certified Google Ads Partner in Amsterdam\",\"publisher\":{\"@id\":\"https:\\\/\\\/samktg.com\\\/#organization\"},\"potentialAction\":[{\"@type\":\"SearchAction\",\"target\":{\"@type\":\"EntryPoint\",\"urlTemplate\":\"https:\\\/\\\/samktg.com\\\/?s={search_term_string}\"},\"query-input\":{\"@type\":\"PropertyValueSpecification\",\"valueRequired\":true,\"valueName\":\"search_term_string\"}}],\"inLanguage\":\"es-CO\"},{\"@type\":\"Organization\",\"@id\":\"https:\\\/\\\/samktg.com\\\/#organization\",\"name\":\"Google Ads Freelancer Amsterdam\",\"url\":\"https:\\\/\\\/samktg.com\\\/\",\"logo\":{\"@type\":\"ImageObject\",\"inLanguage\":\"es-CO\",\"@id\":\"https:\\\/\\\/samktg.com\\\/#\\\/schema\\\/logo\\\/image\\\/\",\"url\":\"https:\\\/\\\/samktg.com\\\/wp-content\\\/uploads\\\/2020\\\/05\\\/5-1.png\",\"contentUrl\":\"https:\\\/\\\/samktg.com\\\/wp-content\\\/uploads\\\/2020\\\/05\\\/5-1.png\",\"width\":409,\"height\":153,\"caption\":\"Google Ads Freelancer Amsterdam\"},\"image\":{\"@id\":\"https:\\\/\\\/samktg.com\\\/#\\\/schema\\\/logo\\\/image\\\/\"},\"sameAs\":[\"https:\\\/\\\/www.facebook.com\\\/samktgsocialmedia\"]}]}<\/script>\n<!-- \/ Yoast SEO Premium plugin. -->","yoast_head_json":{"title":"Terms of Use | Google Ads Freelancer Amsterdam","description":"I'm a certified Google Ads Partner and Facebook Ads specialist with 6+ years of experience based in Amsterdam. Search, Shopping, Display and Youtuve ads for brands.","robots":{"index":"index","follow":"follow","max-snippet":"max-snippet:-1","max-image-preview":"max-image-preview:large","max-video-preview":"max-video-preview:-1"},"canonical":"https:\/\/samktg.com\/es\/terms-of-use\/","og_locale":"es_ES","og_type":"article","og_title":"Terms of Use","og_description":"I'm a certified Google Ads Partner and Facebook Ads specialist with 6+ years of experience based in Amsterdam. Search, Shopping, Display and Youtuve ads for brands.","og_url":"https:\/\/samktg.com\/es\/terms-of-use\/","og_site_name":"Google Ads Freelancer Amsterdam","article_publisher":"https:\/\/www.facebook.com\/samktgsocialmedia","twitter_card":"summary_large_image","twitter_misc":{"Tiempo de lectura":"4 minutos"},"schema":{"@context":"https:\/\/schema.org","@graph":[{"@type":"WebPage","@id":"https:\/\/samktg.com\/terms-of-use\/","url":"https:\/\/samktg.com\/terms-of-use\/","name":"Terms of Use | Google Ads Freelancer Amsterdam","isPartOf":{"@id":"https:\/\/samktg.com\/#website"},"datePublished":"2024-03-31T10:24:07+00:00","description":"I'm a certified Google Ads Partner and Facebook Ads specialist with 6+ years of experience based in Amsterdam. Search, Shopping, Display and Youtuve ads for brands.","inLanguage":"es-CO","potentialAction":[{"@type":"ReadAction","target":["https:\/\/samktg.com\/terms-of-use\/"]}]},{"@type":"WebSite","@id":"https:\/\/samktg.com\/#website","url":"https:\/\/samktg.com\/","name":"Google Ads Freelancer Amsterdam","description":"Sam es socio certificado de Google Ads en \u00c1msterdam","publisher":{"@id":"https:\/\/samktg.com\/#organization"},"potentialAction":[{"@type":"SearchAction","target":{"@type":"EntryPoint","urlTemplate":"https:\/\/samktg.com\/?s={search_term_string}"},"query-input":{"@type":"PropertyValueSpecification","valueRequired":true,"valueName":"search_term_string"}}],"inLanguage":"es-CO"},{"@type":"Organization","@id":"https:\/\/samktg.com\/#organization","name":"Google Ads Freelancer Amsterdam","url":"https:\/\/samktg.com\/","logo":{"@type":"ImageObject","inLanguage":"es-CO","@id":"https:\/\/samktg.com\/#\/schema\/logo\/image\/","url":"https:\/\/samktg.com\/wp-content\/uploads\/2020\/05\/5-1.png","contentUrl":"https:\/\/samktg.com\/wp-content\/uploads\/2020\/05\/5-1.png","width":409,"height":153,"caption":"Google Ads Freelancer Amsterdam"},"image":{"@id":"https:\/\/samktg.com\/#\/schema\/logo\/image\/"},"sameAs":["https:\/\/www.facebook.com\/samktgsocialmedia"]}]}},"_links":{"self":[{"href":"https:\/\/samktg.com\/es\/wp-json\/wp\/v2\/pages\/6752","targetHints":{"allow":["GET"]}}],"collection":[{"href":"https:\/\/samktg.com\/es\/wp-json\/wp\/v2\/pages"}],"about":[{"href":"https:\/\/samktg.com\/es\/wp-json\/wp\/v2\/types\/page"}],"author":[{"embeddable":true,"href":"https:\/\/samktg.com\/es\/wp-json\/wp\/v2\/users\/1"}],"replies":[{"embeddable":true,"href":"https:\/\/samktg.com\/es\/wp-json\/wp\/v2\/comments?post=6752"}],"version-history":[{"count":0,"href":"https:\/\/samktg.com\/es\/wp-json\/wp\/v2\/pages\/6752\/revisions"}],"wp:attachment":[{"href":"https:\/\/samktg.com\/es\/wp-json\/wp\/v2\/media?parent=6752"}],"curies":[{"name":"wp","href":"https:\/\/api.w.org\/{rel}","templated":true}]}}