{"id":6753,"date":"2024-03-31T10:24:29","date_gmt":"2024-03-31T10:24:29","guid":{"rendered":"https:\/\/samktg.com\/privacy-policy\/"},"modified":"2024-04-01T04:06:21","modified_gmt":"2024-04-01T04:06:21","slug":"privacy-policy","status":"publish","type":"page","link":"https:\/\/samktg.com\/es\/privacy-policy\/","title":{"rendered":"Pol\u00edtica de privacidad"},"content":{"rendered":"<div data-elementor-type=\"wp-page\" data-elementor-id=\"6753\" class=\"elementor elementor-6753\" data-elementor-post-type=\"page\">\n\t\t\t\t\t\t<section class=\"elementor-section elementor-top-section elementor-element elementor-element-64167a6b elementor-section-boxed elementor-section-height-default elementor-section-height-default\" data-id=\"64167a6b\" data-element_type=\"section\" data-e-type=\"section\">\n\t\t\t\t\t\t<div class=\"elementor-container elementor-column-gap-default\">\n\t\t\t\t\t<div class=\"elementor-column elementor-col-100 elementor-top-column elementor-element elementor-element-60337ab0\" data-id=\"60337ab0\" data-element_type=\"column\" data-e-type=\"column\">\n\t\t\t<div class=\"elementor-widget-wrap elementor-element-populated\">\n\t\t\t\t\t\t<div class=\"elementor-element elementor-element-b286c9c elementor-widget elementor-widget-heading\" data-id=\"b286c9c\" data-element_type=\"widget\" data-e-type=\"widget\" data-widget_type=\"heading.default\">\n\t\t\t\t\t<h2 class=\"elementor-heading-title elementor-size-default\">Pol\u00edtica de privacidad<\/h2>\t\t\t\t<\/div>\n\t\t\t\t<div class=\"elementor-element elementor-element-6313d8d elementor-widget elementor-widget-text-editor\" data-id=\"6313d8d\" data-element_type=\"widget\" data-e-type=\"widget\" data-widget_type=\"text-editor.default\">\n\t\t\t\t\t\t\t\t\t<p>En SAMKTG, accesible desde https:\/\/samktg.com\/, una de nuestras principales prioridades es la privacidad de nuestros visitantes. Este documento de pol\u00edtica de privacidad contiene los tipos de informaci\u00f3n que recoge y registra SAMKTG y c\u00f3mo la utilizamos.<\/p>\n<p>Si tiene alguna pregunta o necesita m\u00e1s informaci\u00f3n sobre nuestra Pol\u00edtica de privacidad, no dude en ponerse en contacto con nosotros. Nuestra Pol\u00edtica de Privacidad ha sido generada con la ayuda de&nbsp;<a href=\"https:\/\/www.gdprprivacynotice.com\/\">Generador de pol\u00edticas de privacidad GDPR<\/a><\/p>\n<h4>Reglamento General de Protecci\u00f3n de Datos (RGPD)<\/h4>\n<p>Somos responsables del tratamiento de sus datos.<\/p>\n<p>La base jur\u00eddica de SAMKTG para recoger y utilizar la informaci\u00f3n personal descrita en esta Pol\u00edtica de Privacidad depende de la Informaci\u00f3n Personal que recogemos y del contexto espec\u00edfico en el que recogemos la informaci\u00f3n:<\/p>\n<ul>\n<li>SAMKTG necesita cumplir un contrato con usted<\/li>\n<li>Usted ha dado permiso a SAMKTG para hacerlo<\/li>\n<li>El tratamiento de sus datos personales responde a los intereses leg\u00edtimos de SAMKTG<\/li>\n<li>SAMKTG debe cumplir la ley<\/li>\n<\/ul>\n<p>SAMKTG conservar\u00e1 su informaci\u00f3n personal s\u00f3lo durante el tiempo que sea necesario para los fines establecidos en esta pol\u00edtica de privacidad. Conservaremos y utilizaremos su informaci\u00f3n en la medida necesaria para cumplir nuestras obligaciones legales, resolver litigios y hacer cumplir nuestras pol\u00edticas.<\/p>\n<p>Si usted reside en el Espacio Econ\u00f3mico Europeo (EEE), tiene determinados derechos en materia de protecci\u00f3n de datos. Si desea que le informemos de qu\u00e9 Datos Personales tenemos sobre usted y si quiere que los eliminemos de nuestros sistemas, p\u00f3ngase en contacto con nosotros.<\/p>\n<p>En determinadas circunstancias, usted tiene los siguientes derechos de protecci\u00f3n de datos:<\/p>\n<ul>\n<li>Derecho a acceder a la informaci\u00f3n que tenemos sobre usted, actualizarla o eliminarla.<\/li>\n<li>Derecho de rectificaci\u00f3n.<\/li>\n<li>Derecho de oposici\u00f3n.<\/li>\n<li>El derecho de restricci\u00f3n.<\/li>\n<li>Derecho a la portabilidad de los datos<\/li>\n<li>Derecho a retirar el consentimiento<\/li>\n<\/ul>\n<h4>Archivos de registro<\/h4>\n<p>SAMKTG sigue un procedimiento est\u00e1ndar de utilizaci\u00f3n de archivos de registro. Estos archivos registran a los visitantes cuando visitan los sitios web. Todas las empresas de alojamiento lo hacen y forma parte de los an\u00e1lisis de los servicios de alojamiento. La informaci\u00f3n recogida por los archivos de registro incluye direcciones de protocolo de Internet (IP), tipo de navegador, proveedor de servicios de Internet (ISP), fecha y hora, p\u00e1ginas de referencia\/salida y, posiblemente, el n\u00famero de clics. Estos datos no est\u00e1n vinculados a ninguna informaci\u00f3n que permita la identificaci\u00f3n personal. El prop\u00f3sito de la informaci\u00f3n es analizar tendencias, administrar el sitio, rastrear los movimientos de los usuarios en el sitio web y recopilar informaci\u00f3n demogr\u00e1fica.<\/p>\n<h4>Cookies y balizas web<\/h4>\n<p>Como cualquier otro sitio web, SAMKTG utiliza \"cookies\". Estas cookies se utilizan para almacenar informaci\u00f3n, incluidas las preferencias de los visitantes y las p\u00e1ginas del sitio web a las que el visitante accedi\u00f3 o visit\u00f3. La informaci\u00f3n se utiliza para optimizar la experiencia de los usuarios personalizando el contenido de nuestra p\u00e1gina web en funci\u00f3n del tipo de navegador de los visitantes y\/u otra informaci\u00f3n.<\/p>\n<h4>Pol\u00edtica de privacidad<\/h4>\n<p>Puede consultar esta lista para encontrar la pol\u00edtica de privacidad de cada uno de los socios publicitarios de SAMKTG.<\/p>\n<p>Los servidores o redes publicitarias de terceros utilizan tecnolog\u00edas como cookies, JavaScript o balizas web que se emplean en los respectivos anuncios y enlaces que aparecen en SAMKTG y que se env\u00edan directamente al navegador del usuario. Cuando esto ocurre, reciben autom\u00e1ticamente su direcci\u00f3n IP. Estas tecnolog\u00edas se utilizan para medir la eficacia de sus campa\u00f1as publicitarias y\/o personalizar el contenido publicitario que usted ve en los sitios web que visita.<\/p>\n<p>SAMKTG no tiene acceso ni control sobre las cookies utilizadas por terceros anunciantes.<\/p>\n<h4>Pol\u00edticas de privacidad de terceros<\/h4>\n<p>La Pol\u00edtica de Privacidad de SAMKTG no se aplica a otros anunciantes o sitios web. Por lo tanto, le aconsejamos que consulte las respectivas pol\u00edticas de privacidad de estos servidores de anuncios de terceros para obtener informaci\u00f3n m\u00e1s detallada. Puede incluir sus pr\u00e1cticas e instrucciones sobre c\u00f3mo optar por no participar en determinadas opciones.<\/p>\n<p>Puede optar por desactivar las cookies a trav\u00e9s de las opciones individuales de su navegador. Para conocer informaci\u00f3n m\u00e1s detallada sobre la gesti\u00f3n de cookies con navegadores web espec\u00edficos, puede consultarse en los sitios web respectivos de los navegadores.<\/p>\n<h4>Informaci\u00f3n infantil<\/h4>\n<p>Otra parte de nuestra prioridad es a\u00f1adir protecci\u00f3n para los ni\u00f1os mientras usan internet. Animamos a padres y tutores a que observen, participen y\/o supervisen y gu\u00eden su actividad en l\u00ednea.<\/p>\n<p>SAMKTG no recopila a sabiendas ning\u00fan tipo de informaci\u00f3n personal identificable de ni\u00f1os menores de 18 a\u00f1os. Si cree que su hijo ha proporcionado este tipo de informaci\u00f3n en nuestro sitio web, le recomendamos encarecidamente que se ponga en contacto con nosotros inmediatamente y haremos todo lo posible para eliminar r\u00e1pidamente dicha informaci\u00f3n de nuestros registros.<\/p>\n<h4>Pol\u00edtica de privacidad en l\u00ednea<\/h4>\n<p>Nuestra pol\u00edtica de privacidad se aplica \u00fanicamente a nuestras actividades en l\u00ednea y es v\u00e1lida para los visitantes de nuestro sitio web en lo que respecta a la informaci\u00f3n que comparten y\/o recogen en SAMKTG. Esta pol\u00edtica no es aplicable a ninguna informaci\u00f3n recopilada fuera de l\u00ednea o a trav\u00e9s de canales distintos de este sitio web.<\/p>\n<h4>Consentimiento<\/h4>\n<p>Al utilizar nuestro sitio web, usted acepta nuestra Pol\u00edtica de privacidad y est\u00e1 de acuerdo con sus t\u00e9rminos.&nbsp;<\/p>\t\t\t\t\t\t\t\t<\/div>\n\t\t\t\t\t<\/div>\n\t\t<\/div>\n\t\t\t\t\t<\/div>\n\t\t<\/section>\n\t\t\t\t<\/div>","protected":false},"excerpt":{"rendered":"<p>Privacy Policy At SAMKTG, accessible from https:\/\/samktg.com\/, one of our main priorities is the privacy of our visitors. This Privacy Policy document contains types of information that is collected and recorded by SAMKTG and how we use it. If you have additional questions or require more information about our Privacy Policy, do not hesitate to &hellip;<\/p>","protected":false},"author":1,"featured_media":0,"parent":0,"menu_order":0,"comment_status":"closed","ping_status":"closed","template":"","meta":{"nf_dc_page":"","footnotes":""},"class_list":["post-6753","page","type-page","status-publish","hentry","no-thumb"],"yoast_head":"<!-- This site is optimized with the Yoast SEO Premium plugin v27.3 (Yoast SEO v27.4) - https:\/\/yoast.com\/product\/yoast-seo-premium-wordpress\/ -->\n<title>Privacy Policy | Google Ads Freelancer Amsterdam<\/title>\n<meta name=\"description\" content=\"I&#039;m a certified Google Ads Partner and Facebook Ads specialist with 6+ years of experience based in Amsterdam. Search, Shopping, Display and Youtuve ads for brands.\" \/>\n<meta name=\"robots\" content=\"index, follow, max-snippet:-1, max-image-preview:large, max-video-preview:-1\" \/>\n<link rel=\"canonical\" href=\"https:\/\/samktg.com\/es\/privacy-policy\/\" \/>\n<meta property=\"og:locale\" content=\"es_ES\" \/>\n<meta property=\"og:type\" content=\"article\" \/>\n<meta property=\"og:title\" content=\"Privacy Policy\" \/>\n<meta property=\"og:description\" content=\"I&#039;m a certified Google Ads Partner and Facebook Ads specialist with 6+ years of experience based in Amsterdam. Search, Shopping, Display and Youtuve ads for brands.\" \/>\n<meta property=\"og:url\" content=\"https:\/\/samktg.com\/es\/privacy-policy\/\" \/>\n<meta property=\"og:site_name\" content=\"Google Ads Freelancer Amsterdam\" \/>\n<meta property=\"article:publisher\" content=\"https:\/\/www.facebook.com\/samktgsocialmedia\" \/>\n<meta property=\"article:modified_time\" content=\"2024-04-01T04:06:21+00:00\" \/>\n<meta name=\"twitter:card\" content=\"summary_large_image\" \/>\n<meta name=\"twitter:label1\" content=\"Tiempo de lectura\" \/>\n\t<meta name=\"twitter:data1\" content=\"4 minutos\" \/>\n<script type=\"application\/ld+json\" class=\"yoast-schema-graph\">{\"@context\":\"https:\\\/\\\/schema.org\",\"@graph\":[{\"@type\":\"WebPage\",\"@id\":\"https:\\\/\\\/samktg.com\\\/privacy-policy\\\/\",\"url\":\"https:\\\/\\\/samktg.com\\\/privacy-policy\\\/\",\"name\":\"Privacy Policy | Google Ads Freelancer Amsterdam\",\"isPartOf\":{\"@id\":\"https:\\\/\\\/samktg.com\\\/#website\"},\"datePublished\":\"2024-03-31T10:24:29+00:00\",\"dateModified\":\"2024-04-01T04:06:21+00:00\",\"description\":\"I'm a certified Google Ads Partner and Facebook Ads specialist with 6+ years of experience based in Amsterdam. Search, Shopping, Display and Youtuve ads for brands.\",\"inLanguage\":\"es-CO\",\"potentialAction\":[{\"@type\":\"ReadAction\",\"target\":[\"https:\\\/\\\/samktg.com\\\/privacy-policy\\\/\"]}]},{\"@type\":\"WebSite\",\"@id\":\"https:\\\/\\\/samktg.com\\\/#website\",\"url\":\"https:\\\/\\\/samktg.com\\\/\",\"name\":\"Google Ads Freelancer Amsterdam\",\"description\":\"Sam is a certified Google Ads Partner in Amsterdam\",\"publisher\":{\"@id\":\"https:\\\/\\\/samktg.com\\\/#organization\"},\"potentialAction\":[{\"@type\":\"SearchAction\",\"target\":{\"@type\":\"EntryPoint\",\"urlTemplate\":\"https:\\\/\\\/samktg.com\\\/?s={search_term_string}\"},\"query-input\":{\"@type\":\"PropertyValueSpecification\",\"valueRequired\":true,\"valueName\":\"search_term_string\"}}],\"inLanguage\":\"es-CO\"},{\"@type\":\"Organization\",\"@id\":\"https:\\\/\\\/samktg.com\\\/#organization\",\"name\":\"Google Ads Freelancer Amsterdam\",\"url\":\"https:\\\/\\\/samktg.com\\\/\",\"logo\":{\"@type\":\"ImageObject\",\"inLanguage\":\"es-CO\",\"@id\":\"https:\\\/\\\/samktg.com\\\/#\\\/schema\\\/logo\\\/image\\\/\",\"url\":\"https:\\\/\\\/samktg.com\\\/wp-content\\\/uploads\\\/2020\\\/05\\\/5-1.png\",\"contentUrl\":\"https:\\\/\\\/samktg.com\\\/wp-content\\\/uploads\\\/2020\\\/05\\\/5-1.png\",\"width\":409,\"height\":153,\"caption\":\"Google Ads Freelancer Amsterdam\"},\"image\":{\"@id\":\"https:\\\/\\\/samktg.com\\\/#\\\/schema\\\/logo\\\/image\\\/\"},\"sameAs\":[\"https:\\\/\\\/www.facebook.com\\\/samktgsocialmedia\"]}]}<\/script>\n<!-- \/ Yoast SEO Premium plugin. -->","yoast_head_json":{"title":"Privacy Policy | Google Ads Freelancer Amsterdam","description":"I'm a certified Google Ads Partner and Facebook Ads specialist with 6+ years of experience based in Amsterdam. Search, Shopping, Display and Youtuve ads for brands.","robots":{"index":"index","follow":"follow","max-snippet":"max-snippet:-1","max-image-preview":"max-image-preview:large","max-video-preview":"max-video-preview:-1"},"canonical":"https:\/\/samktg.com\/es\/privacy-policy\/","og_locale":"es_ES","og_type":"article","og_title":"Privacy Policy","og_description":"I'm a certified Google Ads Partner and Facebook Ads specialist with 6+ years of experience based in Amsterdam. Search, Shopping, Display and Youtuve ads for brands.","og_url":"https:\/\/samktg.com\/es\/privacy-policy\/","og_site_name":"Google Ads Freelancer Amsterdam","article_publisher":"https:\/\/www.facebook.com\/samktgsocialmedia","article_modified_time":"2024-04-01T04:06:21+00:00","twitter_card":"summary_large_image","twitter_misc":{"Tiempo de lectura":"4 minutos"},"schema":{"@context":"https:\/\/schema.org","@graph":[{"@type":"WebPage","@id":"https:\/\/samktg.com\/privacy-policy\/","url":"https:\/\/samktg.com\/privacy-policy\/","name":"Privacy Policy | Google Ads Freelancer Amsterdam","isPartOf":{"@id":"https:\/\/samktg.com\/#website"},"datePublished":"2024-03-31T10:24:29+00:00","dateModified":"2024-04-01T04:06:21+00:00","description":"I'm a certified Google Ads Partner and Facebook Ads specialist with 6+ years of experience based in Amsterdam. Search, Shopping, Display and Youtuve ads for brands.","inLanguage":"es-CO","potentialAction":[{"@type":"ReadAction","target":["https:\/\/samktg.com\/privacy-policy\/"]}]},{"@type":"WebSite","@id":"https:\/\/samktg.com\/#website","url":"https:\/\/samktg.com\/","name":"Google Ads Freelancer Amsterdam","description":"Sam es socio certificado de Google Ads en \u00c1msterdam","publisher":{"@id":"https:\/\/samktg.com\/#organization"},"potentialAction":[{"@type":"SearchAction","target":{"@type":"EntryPoint","urlTemplate":"https:\/\/samktg.com\/?s={search_term_string}"},"query-input":{"@type":"PropertyValueSpecification","valueRequired":true,"valueName":"search_term_string"}}],"inLanguage":"es-CO"},{"@type":"Organization","@id":"https:\/\/samktg.com\/#organization","name":"Google Ads Freelancer Amsterdam","url":"https:\/\/samktg.com\/","logo":{"@type":"ImageObject","inLanguage":"es-CO","@id":"https:\/\/samktg.com\/#\/schema\/logo\/image\/","url":"https:\/\/samktg.com\/wp-content\/uploads\/2020\/05\/5-1.png","contentUrl":"https:\/\/samktg.com\/wp-content\/uploads\/2020\/05\/5-1.png","width":409,"height":153,"caption":"Google Ads Freelancer Amsterdam"},"image":{"@id":"https:\/\/samktg.com\/#\/schema\/logo\/image\/"},"sameAs":["https:\/\/www.facebook.com\/samktgsocialmedia"]}]}},"_links":{"self":[{"href":"https:\/\/samktg.com\/es\/wp-json\/wp\/v2\/pages\/6753","targetHints":{"allow":["GET"]}}],"collection":[{"href":"https:\/\/samktg.com\/es\/wp-json\/wp\/v2\/pages"}],"about":[{"href":"https:\/\/samktg.com\/es\/wp-json\/wp\/v2\/types\/page"}],"author":[{"embeddable":true,"href":"https:\/\/samktg.com\/es\/wp-json\/wp\/v2\/users\/1"}],"replies":[{"embeddable":true,"href":"https:\/\/samktg.com\/es\/wp-json\/wp\/v2\/comments?post=6753"}],"version-history":[{"count":5,"href":"https:\/\/samktg.com\/es\/wp-json\/wp\/v2\/pages\/6753\/revisions"}],"predecessor-version":[{"id":6765,"href":"https:\/\/samktg.com\/es\/wp-json\/wp\/v2\/pages\/6753\/revisions\/6765"}],"wp:attachment":[{"href":"https:\/\/samktg.com\/es\/wp-json\/wp\/v2\/media?parent=6753"}],"curies":[{"name":"wp","href":"https:\/\/api.w.org\/{rel}","templated":true}]}}